{"id":70,"date":"2021-10-13T08:35:15","date_gmt":"2021-10-13T06:35:15","guid":{"rendered":"http:\/\/tfm-neuropsicologia.recursos.uoc.edu\/?page_id=70"},"modified":"2025-07-15T16:39:41","modified_gmt":"2025-07-15T14:39:41","slug":"entregas-pec","status":"publish","type":"page","link":"http:\/\/tfm-neuropsicologia.recursos.uoc.edu\/es\/entregas-pec\/","title":{"rendered":"Entregas: PEC"},"content":{"rendered":"<p style=\"text-align: justify;\">A lo largo del TFM se realizan un total de 7 entregas evaluables <span style=\"font-weight: 400;\">(entregables), m\u00e1s la Defensa final del TFM<\/span>. Las primeras cinco est\u00e1n pensadas para concretar el tema del trabajo e ir desarrollando de forma progresiva cada una de sus partes (planteamiento y elaboraci\u00f3n del trabajo). Las tres \u00faltimas corresponden a la fase final y en ellas se expone todo el trabajo elaborado a lo largo del semestre.<\/p>\n<a class=\"wpsal-anchor\" name=\"ancla9\" id=\"ancla9\"><\/a>\n<h2>1. Periodicidad de cada entrega<\/h2>\n<p>En la tabla 3 se indica el nombre y el contenido de cada entrega (PEC)<\/p>\n<table width=\"955\">\n<tbody>\n<tr class=\"table-header\">\n<td width=\"68\">Semana<\/td>\n<td width=\"57\">Fase<\/td>\n<td width=\"415\">TFM profesionalizador<\/td>\n<td width=\"415\">TFM de investigaci\u00f3n<\/td>\n<\/tr>\n<tr>\n<td style=\"text-align: center;\" width=\"68\"><strong>1-3<\/strong><\/td>\n<td style=\"text-align: center;\" width=\"57\"><strong>Planteamiento del trabajo<\/strong><\/p>\n<p><strong>+<\/strong><\/p>\n<p><strong>Elecci\u00f3n del tema<\/strong><\/td>\n<td width=\"415\"><strong>PEC 1: Planteamiento del trabajo<\/strong><\/p>\n<ul>\n<li>Identificar al paciente o grupo de pacientes que se va a tratar y la patolog\u00eda de inter\u00e9s.<\/li>\n<li>Realizar una primera b\u00fasqueda bibliogr\u00e1fica sobre la patolog\u00eda de estudio.<\/li>\n<li>Identificar los principales objetivos de la intervenci\u00f3n neuropsicol\u00f3gica en la patolog\u00eda seleccionada.<\/li>\n<li>Presentar una breve motivaci\u00f3n para la realizaci\u00f3n del tema de estudio.<\/li>\n<\/ul>\n<\/td>\n<td width=\"415\"><strong>PEC 1: Planteamiento del trabajo<\/strong><\/p>\n<ul>\n<li>Realizar una primera b\u00fasqueda bibliogr\u00e1fica sobre el tema de estudio.<\/li>\n<li>Justificar el inter\u00e9s y la relevancia del tema elegido.<\/li>\n<li>Redactar un conjunto estructurado de preguntas u objetivos, identificando el objetivo principal del TFM.<\/li>\n<li>Plantear la metodolog\u00eda que se emplear\u00e1 para conseguir los objetivos propuestos.<\/li>\n<li>Presentar una breve motivaci\u00f3n para la realizaci\u00f3n del estudio.<\/li>\n<\/ul>\n<\/td>\n<\/tr>\n<tr>\n<td style=\"text-align: center;\" width=\"68\"><strong>4<\/strong><\/td>\n<td style=\"text-align: center;\" rowspan=\"8\" width=\"57\"><strong>Elaboraci\u00f3n del trabajo<\/strong><\/td>\n<td rowspan=\"2\" width=\"415\"><strong>PEC 2: Revisi\u00f3n de la literatura<\/strong><\/p>\n<ul>\n<li>Realizar una descripci\u00f3n general de la patolog\u00eda (etiolog\u00eda, prevalencia, incidencia y sintomatolog\u00eda general).<\/li>\n<li>Describir el perfil neuropsicol\u00f3gico caracter\u00edstico.<\/li>\n<li>Describir los abordajes terap\u00e9uticos existentes.<\/li>\n<li>Describir el impacto familiar y social caracter\u00edstico.<\/li>\n<\/ul>\n<\/td>\n<td rowspan=\"2\" width=\"415\"><strong>PEC 2: Metodolog\u00eda<\/strong><\/p>\n<ul>\n<li>Justificar la metodolog\u00eda empleada en el TFM en funci\u00f3n de la literatura existente.<\/li>\n<li>Explicar el procedimiento general llevado a cabo.<\/li>\n<li>Describir de forma detallada cada uno de los pasos para alcanzar los objetivos propuestos, los materiales empleados y los an\u00e1lisis estad\u00edsticos.<\/li>\n<\/ul>\n<\/td>\n<\/tr>\n<tr>\n<td style=\"text-align: center;\" width=\"68\"><strong>5<\/strong><\/td>\n<\/tr>\n<tr>\n<td style=\"text-align: center;\" width=\"68\"><strong>6<\/strong><\/td>\n<td rowspan=\"2\" width=\"415\"><strong>PEC 3: Evaluaci\u00f3n neuropsicol\u00f3gica<\/strong><\/p>\n<ul>\n<li>Especificar el objetivo general y los objetivos espec\u00edficos de la evaluaci\u00f3n.<\/li>\n<li>Enumerar y describir las pruebas adecuadas para evaluar los d\u00e9ficits neuropsicol\u00f3gicos, emocionales y conductuales.<\/li>\n<li>Realizar la evaluaci\u00f3n del paciente o grupo (en caso de disponer de pacientes reales).<\/li>\n<li>Exponer los resultados de la evaluaci\u00f3n (esperables o reales).<\/li>\n<\/ul>\n<\/td>\n<td rowspan=\"2\" width=\"415\"><strong>PEC 3: Introducci\u00f3n<\/strong><\/p>\n<ul>\n<li>Recoger la informaci\u00f3n m\u00e1s relevante sobre el tema disponible en la literatura cient\u00edfica.<\/li>\n<li>Emplear fuentes de informaci\u00f3n fiables y relevantes.<\/li>\n<li>Justificar el inter\u00e9s y la relevancia del tema propuesto.<\/li>\n<li>Redactar de forma l\u00f3gica y ordenada la introducci\u00f3n del trabajo, justificando los objetivos planteados.<\/li>\n<\/ul>\n<\/td>\n<\/tr>\n<tr>\n<td style=\"text-align: center;\" width=\"68\"><strong>7<\/strong><\/td>\n<\/tr>\n<tr>\n<td style=\"text-align: center;\" width=\"68\"><strong>8<\/strong><\/td>\n<td rowspan=\"2\" width=\"415\"><strong>PEC 4: Informe neuropsicol\u00f3gico<\/strong><\/p>\n<ul>\n<li>Redactar el apartado de resultados (o resumen de resultados para grupos).<\/li>\n<li>Redactar el apartado de conclusiones (individual o grupal).<\/li>\n<li>Redactar las recomendaciones (individual o grupal).<\/li>\n<\/ul>\n<\/td>\n<td rowspan=\"2\" width=\"415\"><strong>PEC 4: Resultados<\/strong><\/p>\n<ul>\n<li>Realizar los an\u00e1lisis necesarios a partir de los datos recogidos (solo en el caso de la elaboraci\u00f3n de un informe de investigaci\u00f3n).<\/li>\n<li>Describir sistem\u00e1ticamente los resultados obtenidos (revisi\u00f3n sistem\u00e1tica o informe de investigaci\u00f3n) o los resultados esperados (proyecto de investigaci\u00f3n).<\/li>\n<li>Redactar el apartado de resultados del TFM de acuerdo con las convenciones de la comunidad cient\u00edfica.<\/li>\n<li>Realizar gr\u00e1ficas que proporcionen apoyo visual para la comprensi\u00f3n de los resultados.<\/li>\n<\/ul>\n<\/td>\n<\/tr>\n<tr>\n<td style=\"text-align: center;\" width=\"68\"><strong>9<\/strong><\/td>\n<\/tr>\n<tr>\n<td style=\"text-align: center;\" width=\"68\"><strong>10<\/strong><\/td>\n<td rowspan=\"2\" width=\"415\"><strong>PEC 5:\u00a0 Propuesta de intervenci\u00f3n<\/strong><\/p>\n<ul>\n<li>Especificar el objetivo general y los objetivos espec\u00edficos de la intervenci\u00f3n.<\/li>\n<li>Elaborar un plan de intervenci\u00f3n completo indicando: n\u00famero de sesiones y su duraci\u00f3n, objetivos de cada sesi\u00f3n, tareas, proceso cognitivo al que van dirigidas, etc., incluyendo un cronograma detallado.<\/li>\n<li>Describir los resultados esperados.<\/li>\n<li>Explicar tres sesiones de intervenci\u00f3n completas (inicial, intermedia y final), debido de realizar una sesi\u00f3n cognitiva, una conductual o emocional y una de intervenci\u00f3n en domicilio o ecol\u00f3gica, incluyendo: objetivo de la sesi\u00f3n, estado esperado del paciente, descripci\u00f3n de las tareas que se van a emplear y el tiempo dedicado a cada una de ellas.<\/li>\n<\/ul>\n<\/td>\n<td rowspan=\"2\" width=\"415\"><strong>PEC 5: Discusi\u00f3n<\/strong><\/p>\n<ul>\n<li>Relacionar los resultados obtenidos con la literatura previa y discutir las posibles diferencias.<\/li>\n<li>Evaluar de forma cr\u00edtica el grado de consecuci\u00f3n de los objetivos planteados en la introducci\u00f3n.<\/li>\n<li>Redactar un apartado de limitaciones y perspectivas futuras del trabajo.<\/li>\n<li>Redactar un apartado conciso de conclusiones que recoja los aspectos fundamentales abordados en el trabajo.<\/li>\n<\/ul>\n<\/td>\n<\/tr>\n<tr>\n<td style=\"text-align: center;\" width=\"68\"><strong>11<\/strong><\/td>\n<\/tr>\n<tr>\n<td style=\"text-align: center;\" width=\"68\"><strong>12<\/strong><\/td>\n<td style=\"text-align: center;\" rowspan=\"5\" width=\"57\"><strong>Entrega final<\/strong><\/td>\n<td colspan=\"2\" rowspan=\"3\" width=\"830\"><strong>PEC 6: Memoria del TFM<\/strong><\/p>\n<ul>\n<li>Poner en conjunto todos los apartados anteriores para elaborar una versi\u00f3n final del trabajo.<\/li>\n<li>Integrar el <em>feedback<\/em> recibido por parte de la persona que tutoriza el trabajo.<\/li>\n<li>Presentar el documento final del TFM de manera clara, estructurada y comprensible.<\/li>\n<\/ul>\n<\/td>\n<\/tr>\n<tr>\n<td style=\"text-align: center;\" width=\"68\"><strong>13<\/strong><\/td>\n<\/tr>\n<tr>\n<td style=\"text-align: center;\" width=\"68\"><strong>14<\/strong><\/td>\n<\/tr>\n<tr>\n<td style=\"text-align: center;\" width=\"68\"><strong>15<\/strong><\/td>\n<td colspan=\"2\" width=\"830\"><strong>PEC 7: Presentaci\u00f3n del TFM<\/strong><\/p>\n<ul>\n<li>Realizar un v\u00eddeo presentando los apectos m\u00e1s relevantes del trabajo.<\/li>\n<li>Realizar una exposici\u00f3n oral del trabajo.<\/li>\n<li>Comunicar de forma correcta la informaci\u00f3n.<\/li>\n<\/ul>\n<\/td>\n<\/tr>\n<tr>\n<td style=\"text-align: center;\" width=\"68\"><strong>16<\/strong><\/td>\n<td colspan=\"2\" width=\"830\"><strong>PEC 8: Defensa del TFM<\/strong><\/p>\n<ul>\n<li>Responder a las preguntas de la comisi\u00f3n evaluadora.<\/li>\n<li>Utilizar un lenguaje claro y adecuado al contexto.<\/li>\n<li>Exponer de forma precisa los aspectos contenidos en el trabajo y ser capaz de profundizar en ellos aportando informaci\u00f3n nueva.<\/li>\n<\/ul>\n<\/td>\n<\/tr>\n<\/tbody>\n<\/table>\n<p><div class=\"tablefooter\"><p>\nTabla 3. Programaci\u00f3n de las actividades del TFM (la estimaci\u00f3n de las semanas es un c\u00e1lculo aproximado y puede variar en funci\u00f3n del semestre)<br \/>\nFuente: elaboraci\u00f3n propia<\/p>\n<\/div><a class=\"wpsal-anchor\" name=\"ancla10\" id=\"ancla10\"><\/a><\/p>\n<h2>2. Plantillas y r\u00fabricas de cada entrega<\/h2>\n<p style=\"text-align: justify;\">Para facilitar la elaboraci\u00f3n del trabajo y consensuar los criterios de correcci\u00f3n entre todas las personas que forman parte de las comisiones evaluadoras, se han dise\u00f1ado una serie de plantillas y r\u00fabricas para cada entrega o PEC. Los y las estudiantes deber\u00e1n hacer uso de estas plantillas para la elaboraci\u00f3n de cada una de las partes del trabajo y tambi\u00e9n para el trabajo completo. Las r\u00fabricas permiten conocer los criterios de correcci\u00f3n de cada entrega.<\/p>\n<p><span style=\"font-weight: 400;\">El acceso a estas r\u00fabricas se facilitar\u00e1 al inicio de semestre en el aula. <\/span><\/p>\n","protected":false},"excerpt":{"rendered":"<p>A lo largo del TFM se realizan un total de 7 entregas evaluables (entregables), m\u00e1s la Defensa final del TFM. Las primeras cinco est\u00e1n pensadas para concretar el tema del trabajo e ir desarrollando de forma progresiva cada una de sus partes (planteamiento y elaboraci\u00f3n del trabajo). Las tres \u00faltimas corresponden a la fase final [&hellip;]<\/p>\n","protected":false},"author":2,"featured_media":0,"parent":0,"menu_order":0,"comment_status":"closed","ping_status":"closed","template":"","meta":[],"_links":{"self":[{"href":"http:\/\/tfm-neuropsicologia.recursos.uoc.edu\/es\/wp-json\/wp\/v2\/pages\/70"}],"collection":[{"href":"http:\/\/tfm-neuropsicologia.recursos.uoc.edu\/es\/wp-json\/wp\/v2\/pages"}],"about":[{"href":"http:\/\/tfm-neuropsicologia.recursos.uoc.edu\/es\/wp-json\/wp\/v2\/types\/page"}],"author":[{"embeddable":true,"href":"http:\/\/tfm-neuropsicologia.recursos.uoc.edu\/es\/wp-json\/wp\/v2\/users\/2"}],"replies":[{"embeddable":true,"href":"http:\/\/tfm-neuropsicologia.recursos.uoc.edu\/es\/wp-json\/wp\/v2\/comments?post=70"}],"version-history":[{"count":12,"href":"http:\/\/tfm-neuropsicologia.recursos.uoc.edu\/es\/wp-json\/wp\/v2\/pages\/70\/revisions"}],"predecessor-version":[{"id":594,"href":"http:\/\/tfm-neuropsicologia.recursos.uoc.edu\/es\/wp-json\/wp\/v2\/pages\/70\/revisions\/594"}],"wp:attachment":[{"href":"http:\/\/tfm-neuropsicologia.recursos.uoc.edu\/es\/wp-json\/wp\/v2\/media?parent=70"}],"curies":[{"name":"wp","href":"https:\/\/api.w.org\/{rel}","templated":true}]}}